{"id":23851,"date":"2018-11-05T10:38:37","date_gmt":"2018-11-05T09:38:37","guid":{"rendered":"http:\/\/democontent.codex-themes.com\/sites\/sparta-interior\/?page_id=23851"},"modified":"2023-10-05T10:27:13","modified_gmt":"2023-10-05T08:27:13","slug":"wentylacja","status":"publish","type":"page","link":"https:\/\/aquatic.pl\/index.php\/wentylacja\/","title":{"rendered":"Wentylacja"},"content":{"rendered":"<section class=\"wpb-content-wrapper\"><p>[vc_row css=&#8221;.vc_custom_1694617114216{margin-top: 40px !important;}&#8221;][vc_column][vc_text_separator title_level=&#8221;h3&#8243; title=&#8221;Idealny klimat podczas p\u0142ywania&#8221; css_animation=&#8221;fadeInUp&#8221;][\/vc_column][\/vc_row][vc_row full_width=&#8221;stretch_row_content&#8221; equal_height=&#8221;yes&#8221; content_placement=&#8221;middle&#8221; thegem_revesrse_columns_mobile=&#8221;true&#8221; css=&#8221;.vc_custom_1694714432992{margin-bottom: 0px !important;}&#8221; mobile_margin_top=&#8221;-20&#8243;][vc_column disable_custom_paddings_tablet=&#8221;true&#8221; disable_custom_paddings_mobile=&#8221;true&#8221; css=&#8221;.vc_custom_1585061688472{padding-right: 60px !important;padding-left: 60px !important;}&#8221; offset=&#8221;vc_col-lg-6 vc_col-md-6&#8243;]<div class=\"clearboth\"><\/div><style>#thegem-divider-69e1c6d2dc92b {margin-top: 80px !important;}@media screen and (max-width: 767px) {#thegem-divider-69e1c6d2dc92b {margin-top: 30px !important;}}<\/style><div id=\"thegem-divider-69e1c6d2dc92b\" class=\"gem-divider  \" style=\"\" ><\/div>[vc_column_text css_animation=&#8221;bottom-to-top&#8221;]Klimatyzacja pomieszczenia z basenem jest r\u00f3wnie wa\u017cna jak czysto\u015b\u0107 i jako\u015b\u0107 wody. \u00a0Na komfort u\u017cytkownika w obiekcie basenowym wp\u0142ywaj\u0105: skuteczne usuwanie wilgoci z powietrza, w\u0142a\u015bciwa temperatura oraz odpowiednia wymiana powietrza na \u015bwie\u017ce.<\/p>\n<p>Firma AQUATIC od wielu lat wsp\u00f3\u0142pracuje z najlepszymi projektantami i producentami urz\u0105dze\u0144 w zakresie wentylacji i klimatyzacji hal basenowych. Zajmiemy si\u0119 kompleksowo powietrzem na Twoim basenie. Wykonujemy r\u00f3wnie\u017c instalacje wentylacji i klimatyzacji ca\u0142ego domu.[\/vc_column_text]<div class=\"clearboth\"><\/div><style>#thegem-divider-69e1c6d2dc956 {margin-top: 80px !important;}@media screen and (max-width: 767px) {#thegem-divider-69e1c6d2dc956 {margin-top: 30px !important;}}<\/style><div id=\"thegem-divider-69e1c6d2dc956\" class=\"gem-divider  \" style=\"\" ><\/div>[\/vc_column][vc_column css=&#8221;.vc_custom_1694714505192{background-image: url(https:\/\/aquatic.pl\/wp-content\/uploads\/2020\/04\/Bez-nazwy-600\u00d7800-px.png?id=26298) !important;background-position: center !important;background-repeat: no-repeat !important;background-size: cover !important;}&#8221; offset=&#8221;vc_col-lg-6 vc_col-md-6&#8243; mobile_padding_top=&#8221;150&#8243; mobile_padding_bottom=&#8221;100&#8243;][\/vc_column][\/vc_row][vc_row full_width=&#8221;stretch_row_content&#8221; equal_height=&#8221;yes&#8221; content_placement=&#8221;middle&#8221; css=&#8221;.vc_custom_1586774684361{margin-bottom: 0px !important;}&#8221;][vc_column css=&#8221;.vc_custom_1694714487479{background-image: url(https:\/\/aquatic.pl\/wp-content\/uploads\/2020\/04\/Bez-nazwy-600\u00d7800-px-2.png?id=26306) !important;background-position: center !important;background-repeat: no-repeat !important;background-size: cover !important;}&#8221; offset=&#8221;vc_col-lg-6 vc_col-md-6&#8243; mobile_padding_bottom=&#8221;100&#8243; mobile_padding_top=&#8221;150&#8243;][\/vc_column][vc_column disable_custom_paddings_tablet=&#8221;true&#8221; disable_custom_paddings_mobile=&#8221;true&#8221; css=&#8221;.vc_custom_1581684124919{padding-right: 40px !important;padding-left: 60px !important;}&#8221; offset=&#8221;vc_col-lg-6 vc_col-md-6&#8243;]<div class=\"clearboth\"><\/div><style>#thegem-divider-69e1c6d2dc967 {margin-top: 80px !important;}@media screen and (max-width: 767px) {#thegem-divider-69e1c6d2dc967 {margin-top: 30px !important;}}<\/style><div id=\"thegem-divider-69e1c6d2dc967\" class=\"gem-divider  \" style=\"\" ><\/div>[vc_column_text css_animation=&#8221;bottom-to-top&#8221;]Specjalnie w tym celu zaprojektowane i wykonane <strong>centrale basenowe<\/strong>\u00a0maj\u0105 za zadanie wentylowa\u0107, osusza\u0107 i jednocze\u015bnie ogrzewa\u0107 do odpowiedniej temperatury hal\u0119 basenow\u0105. Niekt\u00f3re modele\u00a0<strong>central basenowych<\/strong>, kt\u00f3re wyposa\u017cone s\u0105 w rewersyjn\u0105 pomp\u0119 ciep\u0142a, dodatkowo posiadaj\u0105 mo\u017cliwo\u015b\u0107 ch\u0142odzenia latem.<\/p>\n<p>Zapewnienie prawid\u0142owej klimatyzacji w hali basenu wymaga odpowiedniej dystrybucji powietrza, kt\u00f3ra b\u0119dzie otrzymana przez nawiew oraz wywiew powietrza z hali.\u00a0Szczeg\u00f3lne znaczenie ma to w pomieszczeniach mokrych z du\u017cymi oknami lub przeszklonymi \u015bcianami. Odpowiednio dobrany i wykonany system rozprowadzania powietrza pomaga chroni\u0107 szklane powierzchnie przed kondensacj\u0105 wody i zmniejsza ryzyko wyst\u0105pienia problem\u00f3w z wilgoci\u0105.[\/vc_column_text]<div class=\"clearboth\"><\/div><style>#thegem-divider-69e1c6d2dc975 {margin-top: 80px !important;}@media screen and (max-width: 767px) {#thegem-divider-69e1c6d2dc975 {display: none;}}<\/style><div id=\"thegem-divider-69e1c6d2dc975\" class=\"gem-divider  \" style=\"\" ><\/div>[\/vc_column][\/vc_row][vc_row][vc_column]<div class=\"clearboth\"><\/div><style>#thegem-divider-69e1c6d2dc982 {margin-top: 50px !important;}#thegem-divider-69e1c6d2dc982 {margin-bottom: 50px !important;}@media screen and (max-width: 767px) {#thegem-divider-69e1c6d2dc982 {display: none;}}<\/style><div id=\"thegem-divider-69e1c6d2dc982\" class=\"gem-divider  \" style=\"\" ><\/div>[\/vc_column][\/vc_row]<\/p>\n<\/section>","protected":false},"excerpt":{"rendered":"<p>[vc_row css=&#8221;.vc_custom_1694617114216{margin-top: 40px !important;}&#8221;][vc_column][vc_text_separator title_level=&#8221;h3&#8243; title=&#8221;Idealny klimat podczas p\u0142ywania&#8221; css_animation=&#8221;fadeInUp&#8221;][\/vc_column][\/vc_row][vc_row full_width=&#8221;stretch_row_content&#8221; equal_height=&#8221;yes&#8221; content_placement=&#8221;middle&#8221; thegem_revesrse_columns_mobile=&#8221;true&#8221; css=&#8221;.vc_custom_1694714432992{margin-bottom: 0px !important;}&#8221; mobile_margin_top=&#8221;-20&#8243;][vc_column disable_custom_paddings_tablet=&#8221;true&#8221; disable_custom_paddings_mobile=&#8221;true&#8221;&#8230;<\/p>\n","protected":false},"author":5,"featured_media":0,"parent":0,"menu_order":0,"comment_status":"closed","ping_status":"closed","template":"","meta":{"footnotes":""},"class_list":["post-23851","page","type-page","status-publish"],"yoast_head":"<!-- This site is optimized with the Yoast SEO plugin v21.2 - https:\/\/yoast.com\/wordpress\/plugins\/seo\/ -->\n<title>Wentylacja - Przyk\u0142adowa strona<\/title>\n<meta name=\"description\" content=\"Klimatyzacja pomieszczenia z basenem jest r\u00f3wnie wa\u017cna jak czysto\u015b\u0107 i jako\u015b\u0107 wody. Na komfort u\u017cytkownika w obiekcie basenowym... Wentylacja\" \/>\n<meta name=\"robots\" content=\"index, follow, max-snippet:-1, max-image-preview:large, max-video-preview:-1\" \/>\n<link rel=\"canonical\" href=\"https:\/\/aquatic.pl\/index.php\/wentylacja\/\" \/>\n<meta property=\"og:locale\" content=\"pl_PL\" \/>\n<meta property=\"og:type\" content=\"article\" \/>\n<meta property=\"og:title\" content=\"Wentylacja - Przyk\u0142adowa strona\" \/>\n<meta property=\"og:description\" content=\"Klimatyzacja pomieszczenia z basenem jest r\u00f3wnie wa\u017cna jak czysto\u015b\u0107 i jako\u015b\u0107 wody. Na komfort u\u017cytkownika w obiekcie basenowym... Wentylacja\" \/>\n<meta property=\"og:url\" content=\"https:\/\/aquatic.pl\/index.php\/wentylacja\/\" \/>\n<meta property=\"og:site_name\" content=\"Przyk\u0142adowa strona\" \/>\n<meta property=\"article:modified_time\" content=\"2023-10-05T08:27:13+00:00\" \/>\n<meta name=\"twitter:card\" content=\"summary_large_image\" \/>\n<meta name=\"twitter:label1\" content=\"Szacowany czas czytania\" \/>\n\t<meta name=\"twitter:data1\" content=\"2 minuty\" \/>\n<script type=\"application\/ld+json\" class=\"yoast-schema-graph\">{\"@context\":\"https:\/\/schema.org\",\"@graph\":[{\"@type\":\"WebPage\",\"@id\":\"https:\/\/aquatic.pl\/index.php\/wentylacja\/\",\"url\":\"https:\/\/aquatic.pl\/index.php\/wentylacja\/\",\"name\":\"Wentylacja - Przyk\u0142adowa strona\",\"isPartOf\":{\"@id\":\"https:\/\/aquatic.pl\/#website\"},\"datePublished\":\"2018-11-05T09:38:37+00:00\",\"dateModified\":\"2023-10-05T08:27:13+00:00\",\"description\":\"Klimatyzacja pomieszczenia z basenem jest r\u00f3wnie wa\u017cna jak czysto\u015b\u0107 i jako\u015b\u0107 wody. Na komfort u\u017cytkownika w obiekcie basenowym... Wentylacja\",\"breadcrumb\":{\"@id\":\"https:\/\/aquatic.pl\/index.php\/wentylacja\/#breadcrumb\"},\"inLanguage\":\"pl-PL\",\"potentialAction\":[{\"@type\":\"ReadAction\",\"target\":[\"https:\/\/aquatic.pl\/index.php\/wentylacja\/\"]}]},{\"@type\":\"BreadcrumbList\",\"@id\":\"https:\/\/aquatic.pl\/index.php\/wentylacja\/#breadcrumb\",\"itemListElement\":[{\"@type\":\"ListItem\",\"position\":1,\"name\":\"Strona g\u0142\u00f3wna\",\"item\":\"https:\/\/aquatic.pl\/\"},{\"@type\":\"ListItem\",\"position\":2,\"name\":\"Wentylacja\"}]},{\"@type\":\"WebSite\",\"@id\":\"https:\/\/aquatic.pl\/#website\",\"url\":\"https:\/\/aquatic.pl\/\",\"name\":\"Przyk\u0142adowa strona\",\"description\":\"Kolejna witryna oparta na WordPressie\",\"potentialAction\":[{\"@type\":\"SearchAction\",\"target\":{\"@type\":\"EntryPoint\",\"urlTemplate\":\"https:\/\/aquatic.pl\/?s={search_term_string}\"},\"query-input\":\"required name=search_term_string\"}],\"inLanguage\":\"pl-PL\"}]}<\/script>\n<!-- \/ Yoast SEO plugin. -->","yoast_head_json":{"title":"Wentylacja - Przyk\u0142adowa strona","description":"Klimatyzacja pomieszczenia z basenem jest r\u00f3wnie wa\u017cna jak czysto\u015b\u0107 i jako\u015b\u0107 wody. Na komfort u\u017cytkownika w obiekcie basenowym... Wentylacja","robots":{"index":"index","follow":"follow","max-snippet":"max-snippet:-1","max-image-preview":"max-image-preview:large","max-video-preview":"max-video-preview:-1"},"canonical":"https:\/\/aquatic.pl\/index.php\/wentylacja\/","og_locale":"pl_PL","og_type":"article","og_title":"Wentylacja - Przyk\u0142adowa strona","og_description":"Klimatyzacja pomieszczenia z basenem jest r\u00f3wnie wa\u017cna jak czysto\u015b\u0107 i jako\u015b\u0107 wody. Na komfort u\u017cytkownika w obiekcie basenowym... Wentylacja","og_url":"https:\/\/aquatic.pl\/index.php\/wentylacja\/","og_site_name":"Przyk\u0142adowa strona","article_modified_time":"2023-10-05T08:27:13+00:00","twitter_card":"summary_large_image","twitter_misc":{"Szacowany czas czytania":"2 minuty"},"schema":{"@context":"https:\/\/schema.org","@graph":[{"@type":"WebPage","@id":"https:\/\/aquatic.pl\/index.php\/wentylacja\/","url":"https:\/\/aquatic.pl\/index.php\/wentylacja\/","name":"Wentylacja - Przyk\u0142adowa strona","isPartOf":{"@id":"https:\/\/aquatic.pl\/#website"},"datePublished":"2018-11-05T09:38:37+00:00","dateModified":"2023-10-05T08:27:13+00:00","description":"Klimatyzacja pomieszczenia z basenem jest r\u00f3wnie wa\u017cna jak czysto\u015b\u0107 i jako\u015b\u0107 wody. Na komfort u\u017cytkownika w obiekcie basenowym... Wentylacja","breadcrumb":{"@id":"https:\/\/aquatic.pl\/index.php\/wentylacja\/#breadcrumb"},"inLanguage":"pl-PL","potentialAction":[{"@type":"ReadAction","target":["https:\/\/aquatic.pl\/index.php\/wentylacja\/"]}]},{"@type":"BreadcrumbList","@id":"https:\/\/aquatic.pl\/index.php\/wentylacja\/#breadcrumb","itemListElement":[{"@type":"ListItem","position":1,"name":"Strona g\u0142\u00f3wna","item":"https:\/\/aquatic.pl\/"},{"@type":"ListItem","position":2,"name":"Wentylacja"}]},{"@type":"WebSite","@id":"https:\/\/aquatic.pl\/#website","url":"https:\/\/aquatic.pl\/","name":"Przyk\u0142adowa strona","description":"Kolejna witryna oparta na WordPressie","potentialAction":[{"@type":"SearchAction","target":{"@type":"EntryPoint","urlTemplate":"https:\/\/aquatic.pl\/?s={search_term_string}"},"query-input":"required name=search_term_string"}],"inLanguage":"pl-PL"}]}},"_links":{"self":[{"href":"https:\/\/aquatic.pl\/index.php\/wp-json\/wp\/v2\/pages\/23851","targetHints":{"allow":["GET"]}}],"collection":[{"href":"https:\/\/aquatic.pl\/index.php\/wp-json\/wp\/v2\/pages"}],"about":[{"href":"https:\/\/aquatic.pl\/index.php\/wp-json\/wp\/v2\/types\/page"}],"author":[{"embeddable":true,"href":"https:\/\/aquatic.pl\/index.php\/wp-json\/wp\/v2\/users\/5"}],"replies":[{"embeddable":true,"href":"https:\/\/aquatic.pl\/index.php\/wp-json\/wp\/v2\/comments?post=23851"}],"version-history":[{"count":22,"href":"https:\/\/aquatic.pl\/index.php\/wp-json\/wp\/v2\/pages\/23851\/revisions"}],"predecessor-version":[{"id":26586,"href":"https:\/\/aquatic.pl\/index.php\/wp-json\/wp\/v2\/pages\/23851\/revisions\/26586"}],"wp:attachment":[{"href":"https:\/\/aquatic.pl\/index.php\/wp-json\/wp\/v2\/media?parent=23851"}],"curies":[{"name":"wp","href":"https:\/\/api.w.org\/{rel}","templated":true}]}}