{"id":24662,"date":"2023-06-13T12:41:05","date_gmt":"2023-06-13T10:41:05","guid":{"rendered":"https:\/\/aquatic.pl\/?page_id=24662"},"modified":"2023-10-02T17:27:00","modified_gmt":"2023-10-02T15:27:00","slug":"baseny","status":"publish","type":"page","link":"https:\/\/aquatic.pl\/index.php\/baseny\/","title":{"rendered":"Baseny"},"content":{"rendered":"<section class=\"wpb-content-wrapper\"><p>[vc_row full_width=&#8221;stretch_row&#8221; css=&#8221;.vc_custom_1688718292387{margin-top: -100px !important;margin-bottom: 0px !important;background-color: #ffffff !important;}&#8221;][vc_column][vc_column_text]<\/p>\n<div class=\"title-h1\" style=\"text-align: center;\">Nasze baseny<\/div>\n<p>[\/vc_column_text]<div class=\"clearboth\"><\/div><style>#thegem-divider-69e1b5ce05f09 {margin-top: 25px !important;}<\/style><div id=\"thegem-divider-69e1b5ce05f09\" class=\"gem-divider  \" style=\"\" ><\/div>[vc_row_inner][vc_column_inner offset=&#8221;vc_col-lg-offset-2 vc_col-lg-8&#8243;][vc_column_text]<\/p>\n<div class=\"title-h6\" style=\"text-align: center;\">\n<p>Korzystaj\u0105c z wiedzy in\u017cynieryjnej AQUATIC, wieloletniego do\u015bwiadczenia oraz wsp\u00f3\u0142pracy z najlepszymi europejskimi producentami urz\u0105dze\u0144 basenowych, takich jak: ASTRAL POOL, OSPA, PROMINENT, HUGO LAHME, SPECK, HAYWARD, pomo\u017cemy Ci w wyborze optymalnego rozwi\u0105zania. Oferujemy wykonanie projekt\u00f3w budowy basen\u00f3w publicznych i basen\u00f3w prywatnych, technologi\u0119 uzdatniania wody basenowej i fontann, nadz\u00f3r autorski, dostaw\u0119 i monta\u017c urz\u0105dze\u0144 oraz serwis gwarancyjny i pogwarancyjny.<\/p>\n<\/div>\n<p>[\/vc_column_text][\/vc_column_inner][\/vc_row_inner]<div class=\"clearboth\"><\/div><div id=\"thegem-divider-69e1b5ce05f41\" class=\"gem-divider  \" style=\"\" ><\/div><div class=\"clearboth\"><\/div><div id=\"thegem-divider-69e1b5ce05f60\" class=\"gem-divider  \" style=\"\" ><\/div>[\/vc_column][\/vc_row][vc_row full_width=&#8221;stretch_row_content&#8221; custom_css_code=&#8221;JTQwbWVkaWElMjAlMjhtYXgtd2lkdGglM0ElMjAxMTk5cHglMjklMjAlN0IlMEElMjAlMjAlMjAlMjAucm93JTIwJTNFJTIwJTJBJTIwJTdCJTBBJTIwJTIwJTIwJTIwJTIwJTIwJTIwJTIwbWFyZ2luLXRvcCUzQSUyMDAlM0IlMEElMjAlMjAlMjAlMjAlN0QlMEElN0Q=&#8221;][vc_column][vc_row_inner][vc_column_inner width=&#8221;1\/2&#8243;]<div id=\"style-dbc2ff8\" data-style-uid=\"dbc2ff8\" class=\"blog blog-style-compact-tiny-3 clearfix item-animation-disabled pagination-disable\" data-next-page=\"2\" data-pages-count=\"2\"> <article id=\"post-24748\" class=\"with-separator clearfix post-24748 page type-page status-publish has-post-thumbnail\" style=\"margin-bottom:px;\"> <div class=\"wrap\"> <a href=\"https:\/\/aquatic.pl\/index.php\/baseny-wewnetrzne\/\" rel=\"bookmark\" class=\"over-link\"><\/a> <div class=\"post-image gem-compact-tiny-item-image\" style=\"height:650px;height:650px;\"> <img decoding=\"async\" width=\"450\" height=\"540\" src=\"https:\/\/aquatic.pl\/wp-content\/uploads\/2023\/09\/Projekt-bez-nazwy-2023-09-13T155148.801-thegem-blog-default-large.png\" class=\"img-responsive wp-post-image\" alt=\"Projekt bez nazwy - 2023-09-13T155148.801\" \/> <\/div> <div class=\"gem-compact-caption\"> <div class=\"gem-compact-item-content\"> <div class=\"gem-news-item-title title-h3\"><a class=\"reverse-link-color \" href=\"https:\/\/aquatic.pl\/index.php\/baseny-wewnetrzne\/\" rel=\"bookmark\" style=\"\">Baseny Wewn\u0119trzne<\/a><\/div> <\/div> <\/div> <\/div> <\/article><!-- #post-24748 --> <\/div>[\/vc_column_inner][vc_column_inner width=&#8221;1\/2&#8243; mobile_padding_top=&#8221;42&#8243;]<div id=\"style-770011b\" data-style-uid=\"770011b\" class=\"blog blog-style-compact-tiny-3 clearfix item-animation-disabled pagination-disable\" data-next-page=\"0\" data-pages-count=\"1\"> <article id=\"post-23855\" class=\"with-separator clearfix post-23855 page type-page status-publish has-post-thumbnail\" style=\"margin-bottom:px;\"> <div class=\"wrap\"> <a href=\"https:\/\/aquatic.pl\/index.php\/baseny\/baseny-zewnetrzne\/\" rel=\"bookmark\" class=\"over-link\"><\/a> <div class=\"post-image gem-compact-tiny-item-image\" style=\"height:650px;height:650px;\"> <img decoding=\"async\" width=\"600\" height=\"540\" src=\"https:\/\/aquatic.pl\/wp-content\/uploads\/2023\/09\/Projekt-bez-nazwy-2023-09-13T160249.549-thegem-blog-default-large.png\" class=\"img-responsive wp-post-image\" alt=\"Projekt bez nazwy - 2023-09-13T160249.549\" \/> <\/div> <div class=\"gem-compact-caption\"> <div class=\"gem-compact-item-content\"> <div class=\"gem-news-item-title title-h3\"><a class=\"reverse-link-color \" href=\"https:\/\/aquatic.pl\/index.php\/baseny\/baseny-zewnetrzne\/\" rel=\"bookmark\" style=\"\">Baseny Zewn\u0119trzne<\/a><\/div> <\/div> <\/div> <\/div> <\/article><!-- #post-23855 --> <\/div>[\/vc_column_inner][\/vc_row_inner][\/vc_column][\/vc_row]<\/p>\n<\/section>","protected":false},"excerpt":{"rendered":"<p>[vc_row full_width=&#8221;stretch_row&#8221; css=&#8221;.vc_custom_1688718292387{margin-top: -100px !important;margin-bottom: 0px !important;background-color: #ffffff !important;}&#8221;][vc_column][vc_column_text] Nasze baseny [\/vc_column_text][vc_row_inner][vc_column_inner offset=&#8221;vc_col-lg-offset-2 vc_col-lg-8&#8243;][vc_column_text] Korzystaj\u0105c z wiedzy in\u017cynieryjnej AQUATIC, wieloletniego&#8230;<\/p>\n","protected":false},"author":5,"featured_media":25962,"parent":0,"menu_order":0,"comment_status":"closed","ping_status":"closed","template":"","meta":{"footnotes":""},"class_list":["post-24662","page","type-page","status-publish","has-post-thumbnail"],"yoast_head":"<!-- This site is optimized with the Yoast SEO plugin v21.2 - https:\/\/yoast.com\/wordpress\/plugins\/seo\/ -->\n<title>Baseny - Przyk\u0142adowa strona<\/title>\n<meta name=\"description\" content=\"Korzystaj\u0105c z wiedzy in\u017cynieryjnej AQUATIC oraz wieloletniego do\u015bwiadczenia pomo\u017cemy Ci w wyborze optymalnego rozwi\u0105zania.\" \/>\n<meta name=\"robots\" content=\"index, follow, max-snippet:-1, max-image-preview:large, max-video-preview:-1\" \/>\n<link rel=\"canonical\" href=\"https:\/\/aquatic.pl\/index.php\/baseny\/\" \/>\n<meta property=\"og:locale\" content=\"pl_PL\" \/>\n<meta property=\"og:type\" content=\"article\" \/>\n<meta property=\"og:title\" content=\"Baseny - Przyk\u0142adowa strona\" \/>\n<meta property=\"og:description\" content=\"Korzystaj\u0105c z wiedzy in\u017cynieryjnej AQUATIC oraz wieloletniego do\u015bwiadczenia pomo\u017cemy Ci w wyborze optymalnego rozwi\u0105zania.\" \/>\n<meta property=\"og:url\" content=\"https:\/\/aquatic.pl\/index.php\/baseny\/\" \/>\n<meta property=\"og:site_name\" content=\"Przyk\u0142adowa strona\" \/>\n<meta property=\"article:modified_time\" content=\"2023-10-02T15:27:00+00:00\" \/>\n<meta property=\"og:image\" content=\"https:\/\/aquatic.pl\/wp-content\/uploads\/2023\/07\/Projekt-bez-nazwy-35.png\" \/>\n\t<meta property=\"og:image:width\" content=\"1100\" \/>\n\t<meta property=\"og:image:height\" content=\"825\" \/>\n\t<meta property=\"og:image:type\" content=\"image\/png\" \/>\n<meta name=\"twitter:card\" content=\"summary_large_image\" \/>\n<meta name=\"twitter:label1\" content=\"Szacowany czas czytania\" \/>\n\t<meta name=\"twitter:data1\" content=\"1 minuta\" \/>\n<script type=\"application\/ld+json\" class=\"yoast-schema-graph\">{\"@context\":\"https:\/\/schema.org\",\"@graph\":[{\"@type\":\"WebPage\",\"@id\":\"https:\/\/aquatic.pl\/index.php\/baseny\/\",\"url\":\"https:\/\/aquatic.pl\/index.php\/baseny\/\",\"name\":\"Baseny - Przyk\u0142adowa strona\",\"isPartOf\":{\"@id\":\"https:\/\/aquatic.pl\/#website\"},\"datePublished\":\"2023-06-13T10:41:05+00:00\",\"dateModified\":\"2023-10-02T15:27:00+00:00\",\"description\":\"Korzystaj\u0105c z wiedzy in\u017cynieryjnej AQUATIC oraz wieloletniego do\u015bwiadczenia pomo\u017cemy Ci w wyborze optymalnego rozwi\u0105zania.\",\"breadcrumb\":{\"@id\":\"https:\/\/aquatic.pl\/index.php\/baseny\/#breadcrumb\"},\"inLanguage\":\"pl-PL\",\"potentialAction\":[{\"@type\":\"ReadAction\",\"target\":[\"https:\/\/aquatic.pl\/index.php\/baseny\/\"]}]},{\"@type\":\"BreadcrumbList\",\"@id\":\"https:\/\/aquatic.pl\/index.php\/baseny\/#breadcrumb\",\"itemListElement\":[{\"@type\":\"ListItem\",\"position\":1,\"name\":\"Strona g\u0142\u00f3wna\",\"item\":\"https:\/\/aquatic.pl\/\"},{\"@type\":\"ListItem\",\"position\":2,\"name\":\"Baseny\"}]},{\"@type\":\"WebSite\",\"@id\":\"https:\/\/aquatic.pl\/#website\",\"url\":\"https:\/\/aquatic.pl\/\",\"name\":\"Przyk\u0142adowa strona\",\"description\":\"Kolejna witryna oparta na WordPressie\",\"potentialAction\":[{\"@type\":\"SearchAction\",\"target\":{\"@type\":\"EntryPoint\",\"urlTemplate\":\"https:\/\/aquatic.pl\/?s={search_term_string}\"},\"query-input\":\"required name=search_term_string\"}],\"inLanguage\":\"pl-PL\"}]}<\/script>\n<!-- \/ Yoast SEO plugin. -->","yoast_head_json":{"title":"Baseny - Przyk\u0142adowa strona","description":"Korzystaj\u0105c z wiedzy in\u017cynieryjnej AQUATIC oraz wieloletniego do\u015bwiadczenia pomo\u017cemy Ci w wyborze optymalnego rozwi\u0105zania.","robots":{"index":"index","follow":"follow","max-snippet":"max-snippet:-1","max-image-preview":"max-image-preview:large","max-video-preview":"max-video-preview:-1"},"canonical":"https:\/\/aquatic.pl\/index.php\/baseny\/","og_locale":"pl_PL","og_type":"article","og_title":"Baseny - Przyk\u0142adowa strona","og_description":"Korzystaj\u0105c z wiedzy in\u017cynieryjnej AQUATIC oraz wieloletniego do\u015bwiadczenia pomo\u017cemy Ci w wyborze optymalnego rozwi\u0105zania.","og_url":"https:\/\/aquatic.pl\/index.php\/baseny\/","og_site_name":"Przyk\u0142adowa strona","article_modified_time":"2023-10-02T15:27:00+00:00","og_image":[{"width":1100,"height":825,"url":"https:\/\/aquatic.pl\/wp-content\/uploads\/2023\/07\/Projekt-bez-nazwy-35.png","type":"image\/png"}],"twitter_card":"summary_large_image","twitter_misc":{"Szacowany czas czytania":"1 minuta"},"schema":{"@context":"https:\/\/schema.org","@graph":[{"@type":"WebPage","@id":"https:\/\/aquatic.pl\/index.php\/baseny\/","url":"https:\/\/aquatic.pl\/index.php\/baseny\/","name":"Baseny - Przyk\u0142adowa strona","isPartOf":{"@id":"https:\/\/aquatic.pl\/#website"},"datePublished":"2023-06-13T10:41:05+00:00","dateModified":"2023-10-02T15:27:00+00:00","description":"Korzystaj\u0105c z wiedzy in\u017cynieryjnej AQUATIC oraz wieloletniego do\u015bwiadczenia pomo\u017cemy Ci w wyborze optymalnego rozwi\u0105zania.","breadcrumb":{"@id":"https:\/\/aquatic.pl\/index.php\/baseny\/#breadcrumb"},"inLanguage":"pl-PL","potentialAction":[{"@type":"ReadAction","target":["https:\/\/aquatic.pl\/index.php\/baseny\/"]}]},{"@type":"BreadcrumbList","@id":"https:\/\/aquatic.pl\/index.php\/baseny\/#breadcrumb","itemListElement":[{"@type":"ListItem","position":1,"name":"Strona g\u0142\u00f3wna","item":"https:\/\/aquatic.pl\/"},{"@type":"ListItem","position":2,"name":"Baseny"}]},{"@type":"WebSite","@id":"https:\/\/aquatic.pl\/#website","url":"https:\/\/aquatic.pl\/","name":"Przyk\u0142adowa strona","description":"Kolejna witryna oparta na WordPressie","potentialAction":[{"@type":"SearchAction","target":{"@type":"EntryPoint","urlTemplate":"https:\/\/aquatic.pl\/?s={search_term_string}"},"query-input":"required name=search_term_string"}],"inLanguage":"pl-PL"}]}},"_links":{"self":[{"href":"https:\/\/aquatic.pl\/index.php\/wp-json\/wp\/v2\/pages\/24662","targetHints":{"allow":["GET"]}}],"collection":[{"href":"https:\/\/aquatic.pl\/index.php\/wp-json\/wp\/v2\/pages"}],"about":[{"href":"https:\/\/aquatic.pl\/index.php\/wp-json\/wp\/v2\/types\/page"}],"author":[{"embeddable":true,"href":"https:\/\/aquatic.pl\/index.php\/wp-json\/wp\/v2\/users\/5"}],"replies":[{"embeddable":true,"href":"https:\/\/aquatic.pl\/index.php\/wp-json\/wp\/v2\/comments?post=24662"}],"version-history":[{"count":108,"href":"https:\/\/aquatic.pl\/index.php\/wp-json\/wp\/v2\/pages\/24662\/revisions"}],"predecessor-version":[{"id":26575,"href":"https:\/\/aquatic.pl\/index.php\/wp-json\/wp\/v2\/pages\/24662\/revisions\/26575"}],"wp:featuredmedia":[{"embeddable":true,"href":"https:\/\/aquatic.pl\/index.php\/wp-json\/wp\/v2\/media\/25962"}],"wp:attachment":[{"href":"https:\/\/aquatic.pl\/index.php\/wp-json\/wp\/v2\/media?parent=24662"}],"curies":[{"name":"wp","href":"https:\/\/api.w.org\/{rel}","templated":true}]}}