{"id":24788,"date":"2018-11-05T10:39:19","date_gmt":"2018-11-05T09:39:19","guid":{"rendered":"http:\/\/democontent.codex-themes.com\/sites\/sparta-interior\/our-works-2\/"},"modified":"2023-10-05T10:25:02","modified_gmt":"2023-10-05T08:25:02","slug":"uzdatnianie-wody","status":"publish","type":"page","link":"https:\/\/aquatic.pl\/index.php\/uzdatnianie-wody\/","title":{"rendered":"Uzdatnianie wody"},"content":{"rendered":"<section class=\"wpb-content-wrapper\"><p>[vc_row thegem_revesrse_columns_mobile=&#8221;true&#8221; css=&#8221;.vc_custom_1694685910875{margin-top: -100px !important;}&#8221;][vc_column][vc_text_separator title_level=&#8221;h3&#8243; title=&#8221;Elektroliza soli &#8211; dla nieskazitelnej czysto\u015bci basenu!&#8221; css_animation=&#8221;fadeInUp&#8221;][\/vc_column][\/vc_row][vc_row full_width=&#8221;stretch_row_content&#8221; equal_height=&#8221;yes&#8221; content_placement=&#8221;middle&#8221; thegem_revesrse_columns_mobile=&#8221;true&#8221; css=&#8221;.vc_custom_1694714331264{margin-bottom: 0px !important;}&#8221; mobile_margin_top=&#8221;-20&#8243;][vc_column disable_custom_paddings_tablet=&#8221;true&#8221; disable_custom_paddings_mobile=&#8221;true&#8221; css=&#8221;.vc_custom_1585061688472{padding-right: 60px !important;padding-left: 60px !important;}&#8221; offset=&#8221;vc_col-lg-6 vc_col-md-6&#8243;]<div class=\"clearboth\"><\/div><style>#thegem-divider-69e4a222647bd {margin-top: 80px !important;}@media screen and (max-width: 767px) {#thegem-divider-69e4a222647bd {margin-top: 30px !important;}}<\/style><div id=\"thegem-divider-69e4a222647bd\" class=\"gem-divider  \" style=\"\" ><\/div>[vc_column_text css_animation=&#8221;bottom-to-top&#8221;]<\/p>\n<div class=\"title-h6\">\n<p>Elektroliza soli to rewolucyjna i innowacyjna metoda utrzymania nieskazitelnej, krystalicznie czystej wody w Twoim basenie. Ten wysoce efektywny proces polega na wykorzystywaniu soli kuchennej do wytwarzania naturalnego chloru, kt\u00f3ry z niesamowit\u0105 skuteczno\u015bci\u0105 eliminuje bakterie, zanieczyszczenia i inne niepo\u017c\u0105dane czynniki. W praktyce, dzi\u0119ki zastosowaniu elektrolizy soli, unikasz konieczno\u015bci stosowania tradycyjnych, cz\u0119sto szkodliwych \u015brodk\u00f3w chemicznych. To przek\u0142ada si\u0119 na znacznie wi\u0119kszy komfort k\u0105pieli dla Ciebie i Twoich bliskich, a tak\u017ce korzystny wp\u0142yw na \u015brodowisko. Jest to metoda nie tylko efektywna, ale r\u00f3wnie\u017c zdrowa i ekologiczna \u2013 idealna dla tych, kt\u00f3rzy ceni\u0105 komfort i dbaj\u0105 o nasz\u0105 planet\u0119.<\/p>\n<\/div>\n<p>[\/vc_column_text]<div class=\"clearboth\"><\/div><style>#thegem-divider-69e4a222647ec {margin-top: 80px !important;}@media screen and (max-width: 767px) {#thegem-divider-69e4a222647ec {margin-top: 30px !important;}}<\/style><div id=\"thegem-divider-69e4a222647ec\" class=\"gem-divider  \" style=\"\" ><\/div>[\/vc_column][vc_column css=&#8221;.vc_custom_1694686090106{background-image: url(https:\/\/aquatic.pl\/wp-content\/uploads\/2020\/04\/Bez-nazwy-600\u00d7800-px-4.png?id=26310) !important;background-position: center !important;background-repeat: no-repeat !important;background-size: cover !important;}&#8221; offset=&#8221;vc_col-lg-6 vc_col-md-6&#8243; tablet_padding_top=&#8221;150&#8243; tablet_padding_bottom=&#8221;100&#8243;][\/vc_column][\/vc_row][vc_row full_width=&#8221;stretch_row_content&#8221; equal_height=&#8221;yes&#8221; content_placement=&#8221;middle&#8221; css=&#8221;.vc_custom_1694685951883{margin-bottom: 0px !important;}&#8221;][vc_column css=&#8221;.vc_custom_1694717560143{background-image: url(https:\/\/aquatic.pl\/wp-content\/uploads\/2020\/04\/Bez-nazwy-600\u00d7800-px-24.png?id=26522) !important;background-position: center !important;background-repeat: no-repeat !important;background-size: cover !important;}&#8221; offset=&#8221;vc_col-lg-6 vc_col-md-6&#8243; tablet_padding_bottom=&#8221;100&#8243; tablet_padding_top=&#8221;150&#8243;][\/vc_column][vc_column disable_custom_paddings_tablet=&#8221;true&#8221; disable_custom_paddings_mobile=&#8221;true&#8221; css=&#8221;.vc_custom_1581684124919{padding-right: 40px !important;padding-left: 60px !important;}&#8221; offset=&#8221;vc_col-lg-6 vc_col-md-6&#8243;]<div class=\"clearboth\"><\/div><style>#thegem-divider-69e4a22264801 {margin-top: 80px !important;}@media screen and (max-width: 767px) {#thegem-divider-69e4a22264801 {margin-top: 30px !important;}}<\/style><div id=\"thegem-divider-69e4a22264801\" class=\"gem-divider  \" style=\"\" ><\/div>[vc_column_text css_animation=&#8221;bottom-to-top&#8221;]<\/p>\n<div class=\"title-h6\">\n<p>Odkryj zalety elektrolizy soli, kt\u00f3ra dostarcza Twojemu basenowi relaksuj\u0105cej i oczyszczaj\u0105cej wody, kt\u00f3ra jest delikatnie s\u0142ona. Lekko zasolona woda zapewnia niezr\u00f3wnane doznania podczas k\u0105pieli, dbaj\u0105c jednocze\u015bnie o naturalne pi\u0119kno Twojego basenu.\u00a0Ta metoda idealnie sprawdza si\u0119 dla basen\u00f3w zewn\u0119trznych.<\/p>\n<p>Jeszcze bardziej zaawansowanym systemem jest <strong>elektroliza membranowa <\/strong>soli kuchennej, gdzie produkcja \u015brodk\u00f3w dezynfekcyjnych odbywa si\u0119 w generatorze chloru gazowego. Proces jest bezpieczny, a efektem jest krystalicznie czysta \u2013 s\u0142odka woda, bez zapachu chloru. Jest to obecnie najlepszy system uzdatniania wody dla najbardziej wymagaj\u0105cych klient\u00f3w.<\/p>\n<\/div>\n<p>[\/vc_column_text]<div class=\"clearboth\"><\/div><style>#thegem-divider-69e4a22264812 {margin-top: 80px !important;}@media screen and (max-width: 767px) {#thegem-divider-69e4a22264812 {margin-top: 20px !important;}}<\/style><div id=\"thegem-divider-69e4a22264812\" class=\"gem-divider  \" style=\"\" ><\/div>[\/vc_column][\/vc_row][vc_row css=&#8221;.vc_custom_1694687421957{margin-top: 20px !important;}&#8221; tablet_margin_left=&#8221;20&#8243;][vc_column][vc_text_separator title_level=&#8221;h3&#8243; title=&#8221;Lampy UV &#8211; Pozb\u0105d\u017a si\u0119 bakterii i wirus\u00f3w na dobre&#8221; css_animation=&#8221;fadeInUp&#8221;][\/vc_column][\/vc_row][vc_row full_width=&#8221;stretch_row_content&#8221; equal_height=&#8221;yes&#8221; content_placement=&#8221;middle&#8221; thegem_revesrse_columns_mobile=&#8221;true&#8221; css=&#8221;.vc_custom_1694714358720{margin-bottom: 0px !important;}&#8221; mobile_margin_top=&#8221;-20&#8243;][vc_column disable_custom_paddings_tablet=&#8221;true&#8221; disable_custom_paddings_mobile=&#8221;true&#8221; css=&#8221;.vc_custom_1585061688472{padding-right: 60px !important;padding-left: 60px !important;}&#8221; offset=&#8221;vc_col-lg-6 vc_col-md-6&#8243;]<div class=\"clearboth\"><\/div><style>#thegem-divider-69e4a22264821 {margin-top: 80px !important;}@media screen and (max-width: 767px) {#thegem-divider-69e4a22264821 {margin-top: 30px !important;}}<\/style><div id=\"thegem-divider-69e4a22264821\" class=\"gem-divider  \" style=\"\" ><\/div>[vc_column_text css_animation=&#8221;bottom-to-top&#8221;]<\/p>\n<div class=\"title-h6\">\n<p>Lampy bakteriob\u00f3jcze UV, to uzupe\u0142niaj\u0105ce urz\u0105dzenia do uzdatniania wody w basenach i wannach SPA dla tych, kt\u00f3rzy chc\u0105 utrzyma\u0107 czysto\u015b\u0107 i bezpiecze\u0144stwo na najwy\u017cszym poziomie. S\u0105 one w pe\u0142ni bezpieczne, a ich skuteczno\u015b\u0107 w dezynfekcji wody jest niezwykle wysoka.<\/p>\n<p>Woda u\u017cywana w basenach i wannach spa, podobnie jak woda ze studni, ma r\u00f3\u017cn\u0105 jako\u015b\u0107 i jest nara\u017cona na zanieczyszczenia bakteryjne. Te drobnoustroje mog\u0105 by\u0107 niebezpieczne dla zdrowia, dlatego konieczne jest zastosowanie odpowiedniej metody dezynfekcji.<\/p>\n<\/div>\n<p>[\/vc_column_text]<div class=\"clearboth\"><\/div><style>#thegem-divider-69e4a2226482e {margin-top: 80px !important;}@media screen and (max-width: 767px) {#thegem-divider-69e4a2226482e {margin-top: 30px !important;}}<\/style><div id=\"thegem-divider-69e4a2226482e\" class=\"gem-divider  \" style=\"\" ><\/div>[\/vc_column][vc_column css=&#8221;.vc_custom_1694686148596{background-image: url(https:\/\/aquatic.pl\/wp-content\/uploads\/2020\/04\/Projekt-bez-nazwy-2023-09-12T144606.031.png?id=26240) !important;background-position: center !important;background-repeat: no-repeat !important;background-size: cover !important;}&#8221; offset=&#8221;vc_col-lg-6 vc_col-md-6&#8243; tablet_padding_top=&#8221;150&#8243; tablet_padding_bottom=&#8221;100&#8243;][\/vc_column][\/vc_row][vc_row full_width=&#8221;stretch_row_content&#8221; equal_height=&#8221;yes&#8221; content_placement=&#8221;middle&#8221; css=&#8221;.vc_custom_1586774684361{margin-bottom: 0px !important;}&#8221;][vc_column css=&#8221;.vc_custom_1694686160844{background-image: url(https:\/\/aquatic.pl\/wp-content\/uploads\/2020\/04\/Projekt-bez-nazwy-99.png?id=26202) !important;background-position: center !important;background-repeat: no-repeat !important;background-size: cover !important;}&#8221; offset=&#8221;vc_col-lg-6 vc_col-md-6&#8243; tablet_padding_bottom=&#8221;100&#8243; tablet_padding_top=&#8221;150&#8243;][\/vc_column][vc_column disable_custom_paddings_tablet=&#8221;true&#8221; disable_custom_paddings_mobile=&#8221;true&#8221; css=&#8221;.vc_custom_1581684124919{padding-right: 40px !important;padding-left: 60px !important;}&#8221; offset=&#8221;vc_col-lg-6 vc_col-md-6&#8243;]<div class=\"clearboth\"><\/div><style>#thegem-divider-69e4a2226483b {margin-top: 80px !important;}@media screen and (max-width: 767px) {#thegem-divider-69e4a2226483b {margin-top: 30px !important;}}<\/style><div id=\"thegem-divider-69e4a2226483b\" class=\"gem-divider  \" style=\"\" ><\/div>[vc_column_text css_animation=&#8221;bottom-to-top&#8221;]<\/p>\n<div class=\"title-h6\">\n<p>Promieniowanie UV emitowane przez lampy skutecznie eliminuje bakterie i wirusy, zapewniaj\u0105c bezpieczne warunki do korzystania z basenu czy wanny spa. Co wi\u0119cej, lampy te nie wp\u0142ywaj\u0105 na smak, zapach ani odczyn pH wody, dzi\u0119ki czemu nie wp\u0142ywaj\u0105 negatywnie na komfort korzystania z atrakcji wodnych. Monta\u017c sterylizator\u00f3w UV szczeg\u00f3lnie wskazany jest jako uzupe\u0142nienie tradycyjnej metody dezynfekcji wody podchlorynem sodu.<\/p>\n<\/div>\n<p>[\/vc_column_text]<div class=\"clearboth\"><\/div><style>#thegem-divider-69e4a22264849 {margin-top: 80px !important;}@media screen and (max-width: 767px) {#thegem-divider-69e4a22264849 {display: none;}}<\/style><div id=\"thegem-divider-69e4a22264849\" class=\"gem-divider  \" style=\"\" ><\/div>[\/vc_column][\/vc_row][vc_row css=&#8221;.vc_custom_1694681888039{margin-top: 20px !important;}&#8221;][vc_column][vc_text_separator title_level=&#8221;h3&#8243; title=&#8221;Najlepsza jako\u015b\u0107 wody w twoim domowym &#8220;Jacuzzi&#8220;&#8221; css_animation=&#8221;fadeInUp&#8221;][\/vc_column][\/vc_row][vc_row full_width=&#8221;stretch_row_content&#8221; equal_height=&#8221;yes&#8221; content_placement=&#8221;middle&#8221; thegem_revesrse_columns_mobile=&#8221;true&#8221; css=&#8221;.vc_custom_1694714383657{margin-bottom: 0px !important;}&#8221; mobile_margin_top=&#8221;-20&#8243;][vc_column disable_custom_paddings_tablet=&#8221;true&#8221; disable_custom_paddings_mobile=&#8221;true&#8221; css=&#8221;.vc_custom_1585061688472{padding-right: 60px !important;padding-left: 60px !important;}&#8221; offset=&#8221;vc_col-lg-6 vc_col-md-6&#8243;]<div class=\"clearboth\"><\/div><style>#thegem-divider-69e4a22264855 {margin-top: 80px !important;}@media screen and (max-width: 767px) {#thegem-divider-69e4a22264855 {margin-top: 30px !important;}}<\/style><div id=\"thegem-divider-69e4a22264855\" class=\"gem-divider  \" style=\"\" ><\/div>[vc_column_text css_animation=&#8221;bottom-to-top&#8221;]<\/p>\n<div class=\"title-h6\">\n<p>Dla u\u017cytkownik\u00f3w wanien SPA najwa\u017cniejsze jest, aby woda, do kt\u00f3rej wchodz\u0105 by\u0142a bezpieczna, bez nieprzyjemnych zapach\u00f3w i krystalicznie czysta. Mimo zastosowania filtracji mechanicznej i ozonowania wody, niezb\u0119dne jest jeszcze dodawanie do niej \u015brodk\u00f3w chemicznych, maj\u0105cych na celu popraw\u0119 jej parametr\u00f3w fizyko-chemicznych.<\/p>\n<p>AquaFinesse&#x2122;, kt\u00f3rej AQUATIC jest wy\u0142\u0105cznym przedstawicielem na Polsk\u0119, to unikalna formu\u0142a produktu \u201cwszystko w jednym\u201d, kt\u00f3ry czy\u015bci wod\u0119 i wszystkie urz\u0105dzenia. Jedna dawka tylko raz w tygodniu \u2013 to wszystko, czego potrzebujesz.<\/p>\n<p>Opatentowany system AquaFinesse&#x2122; zapewnia czysto\u015b\u0107 i przejrzysto\u015b\u0107, usuwaj\u0105c jednocze\u015bnie zanieczyszczenia, biofilm, wap\u0144 i osad z kamienia nagromadzone nie tylko w wannie, ale co bardzo istotne r\u00f3wnie\u017c w rurach i zastosowanych urz\u0105dzeniach (grza\u0142ka, pompa, dysze, itp.) \u2013 przez co eliminuje potrzeb\u0119 stosowania agresywnych produkt\u00f3w chemicznych i wyd\u0142u\u017ca \u017cywotno\u015b\u0107 urz\u0105dze\u0144 nawet 3-krotnie.<\/p>\n<\/div>\n<p>[\/vc_column_text]<div class=\"clearboth\"><\/div><style>#thegem-divider-69e4a22264860 {margin-top: 80px !important;}@media screen and (max-width: 767px) {#thegem-divider-69e4a22264860 {margin-top: 30px !important;}}<\/style><div id=\"thegem-divider-69e4a22264860\" class=\"gem-divider  \" style=\"\" ><\/div>[\/vc_column][vc_column css=&#8221;.vc_custom_1694688135239{background-image: url(https:\/\/aquatic.pl\/wp-content\/uploads\/2020\/04\/Bez-nazwy-600\u00d7800-px-6.png?id=26316) !important;background-position: center !important;background-repeat: no-repeat !important;background-size: cover !important;}&#8221; offset=&#8221;vc_col-lg-6 vc_col-md-6&#8243; tablet_padding_top=&#8221;150&#8243; tablet_padding_bottom=&#8221;100&#8243; mobile_padding_top=&#8221;100&#8243; mobile_padding_bottom=&#8221;150&#8243;][\/vc_column][\/vc_row][vc_row full_width=&#8221;stretch_row_content&#8221; equal_height=&#8221;yes&#8221; content_placement=&#8221;middle&#8221; css=&#8221;.vc_custom_1586774684361{margin-bottom: 0px !important;}&#8221;][vc_column css=&#8221;.vc_custom_1694717618235{background-image: url(https:\/\/aquatic.pl\/wp-content\/uploads\/2020\/04\/Bez-nazwy-600\u00d7800-px-33.png?id=26536) !important;background-position: center !important;background-repeat: no-repeat !important;background-size: cover !important;}&#8221; offset=&#8221;vc_col-lg-6 vc_col-md-6&#8243; tablet_padding_bottom=&#8221;100&#8243; tablet_padding_top=&#8221;150&#8243;][\/vc_column][vc_column disable_custom_paddings_tablet=&#8221;true&#8221; disable_custom_paddings_mobile=&#8221;true&#8221; css=&#8221;.vc_custom_1581684124919{padding-right: 40px !important;padding-left: 60px !important;}&#8221; offset=&#8221;vc_col-lg-6 vc_col-md-6&#8243;]<div class=\"clearboth\"><\/div><style>#thegem-divider-69e4a2226486b {margin-top: 80px !important;}@media screen and (max-width: 767px) {#thegem-divider-69e4a2226486b {margin-top: 30px !important;}}<\/style><div id=\"thegem-divider-69e4a2226486b\" class=\"gem-divider  \" style=\"\" ><\/div>[vc_column_text css_animation=&#8221;bottom-to-top&#8221;]<\/p>\n<div class=\"title-h6\"><\/div>\n<div class=\"title-h6\">\n<p>Stosowanie AquaFinesse&#x2122; jest bardzo proste \u2013 wystarczy wla\u0107 odmierzon\u0105 porcj\u0119 bezpo\u015brednio do wody, po czym nale\u017cy w\u0142\u0105czy\u0107 na dwie minuty wszystkie dysze, aby dok\u0142adnie wymiesza\u0107 i aktywowa\u0107 produkt. W efekcie ustabilizujesz pH, pozb\u0119dziesz si\u0119 kleistej pow\u0142oki i wra\u017cenia lepko\u015bci oraz uzyskasz czyst\u0105, mi\u0119kk\u0105, przyjemn\u0105 w dotyku wod\u0119 o delikatnym, od\u015bwie\u017caj\u0105cym zapachu lawendy.<\/p>\n<p>Bardzo wa\u017cne jest, aby regularnie czy\u015bci\u0107 filtr, gdy\u017c to na nim osadzaj\u0105 si\u0119 wszystkie zanieczyszczenia. Aby usprawni\u0107 t\u0119 czynno\u015b\u0107 proponujemy zastosowanie bardzo wygodnego urz\u0105dzenia Perfect Jet, kt\u00f3re pod\u0142\u0105cza si\u0119 do w\u0119\u017ca ogrodowego.<\/p>\n<p>Je\u015bli chcesz dodatkowo wzmocni\u0107 dzia\u0142anie sanityzuj\u0105ce, do opakowania do\u0142\u0105czono pastylki, kt\u00f3re dzi\u0119ki specjalnemu dozownikowi b\u0119d\u0105 powoli dostarcza\u0107 do filtra ma\u0142e dawki chloru. Dla przeci\u0119tnej wanny SPA o pojemno\u015bci 1200-1300 litr\u00f3w zawarto\u015b\u0107 opakowania wystarczy na ok. 4 miesi\u0105ce. Produkt jest bezpieczny dermatologicznie, przetestowany i zatwierdzony przez Instytut Homologacji KEMA.<\/p>\n<p><a href=\"https:\/\/www.aquafinesse.com\/\">Dowiedz si\u0119 wi\u0119cej.<\/a><\/p>\n<\/div>\n<p>[\/vc_column_text]<div class=\"clearboth\"><\/div><style>#thegem-divider-69e4a22264876 {margin-top: 80px !important;}@media screen and (max-width: 767px) {#thegem-divider-69e4a22264876 {display: none;}}@media screen and (max-width: 767px) {#thegem-divider-69e4a22264876 {margin-top: 10px !important;}}<\/style><div id=\"thegem-divider-69e4a22264876\" class=\"gem-divider  \" style=\"\" ><\/div>[\/vc_column][\/vc_row]<\/p>\n<\/section>","protected":false},"excerpt":{"rendered":"<p>[vc_row thegem_revesrse_columns_mobile=&#8221;true&#8221; css=&#8221;.vc_custom_1694685910875{margin-top: -100px !important;}&#8221;][vc_column][vc_text_separator title_level=&#8221;h3&#8243; title=&#8221;Elektroliza soli &#8211; dla nieskazitelnej czysto\u015bci basenu!&#8221; css_animation=&#8221;fadeInUp&#8221;][\/vc_column][\/vc_row][vc_row full_width=&#8221;stretch_row_content&#8221; equal_height=&#8221;yes&#8221; content_placement=&#8221;middle&#8221; thegem_revesrse_columns_mobile=&#8221;true&#8221; css=&#8221;.vc_custom_1694714331264{margin-bottom: 0px&#8230;<\/p>\n","protected":false},"author":5,"featured_media":25499,"parent":0,"menu_order":0,"comment_status":"closed","ping_status":"closed","template":"","meta":{"footnotes":""},"class_list":["post-24788","page","type-page","status-publish","has-post-thumbnail"],"yoast_head":"<!-- This site is optimized with the Yoast SEO plugin v21.2 - https:\/\/yoast.com\/wordpress\/plugins\/seo\/ -->\n<title>Uzdatnianie wody - Przyk\u0142adowa strona<\/title>\n<meta name=\"description\" content=\"Odkryj zalety elektrolizy soli, kt\u00f3ra dostarcza Twojemu basenowi relaksuj\u0105cej i oczyszczaj\u0105cej wody, kt\u00f3ra jest delikatnie s\u0142ona.\" \/>\n<meta name=\"robots\" content=\"index, follow, max-snippet:-1, max-image-preview:large, max-video-preview:-1\" \/>\n<link rel=\"canonical\" href=\"https:\/\/aquatic.pl\/index.php\/uzdatnianie-wody\/\" \/>\n<meta property=\"og:locale\" content=\"pl_PL\" \/>\n<meta property=\"og:type\" content=\"article\" \/>\n<meta property=\"og:title\" content=\"Uzdatnianie wody - Przyk\u0142adowa strona\" \/>\n<meta property=\"og:description\" content=\"Odkryj zalety elektrolizy soli, kt\u00f3ra dostarcza Twojemu basenowi relaksuj\u0105cej i oczyszczaj\u0105cej wody, kt\u00f3ra jest delikatnie s\u0142ona.\" \/>\n<meta property=\"og:url\" content=\"https:\/\/aquatic.pl\/index.php\/uzdatnianie-wody\/\" \/>\n<meta property=\"og:site_name\" content=\"Przyk\u0142adowa strona\" \/>\n<meta property=\"article:modified_time\" content=\"2023-10-05T08:25:02+00:00\" \/>\n<meta property=\"og:image\" content=\"https:\/\/aquatic.pl\/wp-content\/uploads\/2023\/07\/Projekt-bez-nazwy-81.png\" \/>\n\t<meta property=\"og:image:width\" content=\"500\" \/>\n\t<meta property=\"og:image:height\" content=\"600\" \/>\n\t<meta property=\"og:image:type\" content=\"image\/png\" \/>\n<meta name=\"twitter:card\" content=\"summary_large_image\" \/>\n<meta name=\"twitter:label1\" content=\"Szacowany czas czytania\" \/>\n\t<meta name=\"twitter:data1\" content=\"5 minut\" \/>\n<script type=\"application\/ld+json\" class=\"yoast-schema-graph\">{\"@context\":\"https:\/\/schema.org\",\"@graph\":[{\"@type\":\"WebPage\",\"@id\":\"https:\/\/aquatic.pl\/index.php\/uzdatnianie-wody\/\",\"url\":\"https:\/\/aquatic.pl\/index.php\/uzdatnianie-wody\/\",\"name\":\"Uzdatnianie wody - Przyk\u0142adowa strona\",\"isPartOf\":{\"@id\":\"https:\/\/aquatic.pl\/#website\"},\"datePublished\":\"2018-11-05T09:39:19+00:00\",\"dateModified\":\"2023-10-05T08:25:02+00:00\",\"description\":\"Odkryj zalety elektrolizy soli, kt\u00f3ra dostarcza Twojemu basenowi relaksuj\u0105cej i oczyszczaj\u0105cej wody, kt\u00f3ra jest delikatnie s\u0142ona.\",\"breadcrumb\":{\"@id\":\"https:\/\/aquatic.pl\/index.php\/uzdatnianie-wody\/#breadcrumb\"},\"inLanguage\":\"pl-PL\",\"potentialAction\":[{\"@type\":\"ReadAction\",\"target\":[\"https:\/\/aquatic.pl\/index.php\/uzdatnianie-wody\/\"]}]},{\"@type\":\"BreadcrumbList\",\"@id\":\"https:\/\/aquatic.pl\/index.php\/uzdatnianie-wody\/#breadcrumb\",\"itemListElement\":[{\"@type\":\"ListItem\",\"position\":1,\"name\":\"Strona g\u0142\u00f3wna\",\"item\":\"https:\/\/aquatic.pl\/\"},{\"@type\":\"ListItem\",\"position\":2,\"name\":\"Uzdatnianie wody\"}]},{\"@type\":\"WebSite\",\"@id\":\"https:\/\/aquatic.pl\/#website\",\"url\":\"https:\/\/aquatic.pl\/\",\"name\":\"Przyk\u0142adowa strona\",\"description\":\"Kolejna witryna oparta na WordPressie\",\"potentialAction\":[{\"@type\":\"SearchAction\",\"target\":{\"@type\":\"EntryPoint\",\"urlTemplate\":\"https:\/\/aquatic.pl\/?s={search_term_string}\"},\"query-input\":\"required name=search_term_string\"}],\"inLanguage\":\"pl-PL\"}]}<\/script>\n<!-- \/ Yoast SEO plugin. -->","yoast_head_json":{"title":"Uzdatnianie wody - Przyk\u0142adowa strona","description":"Odkryj zalety elektrolizy soli, kt\u00f3ra dostarcza Twojemu basenowi relaksuj\u0105cej i oczyszczaj\u0105cej wody, kt\u00f3ra jest delikatnie s\u0142ona.","robots":{"index":"index","follow":"follow","max-snippet":"max-snippet:-1","max-image-preview":"max-image-preview:large","max-video-preview":"max-video-preview:-1"},"canonical":"https:\/\/aquatic.pl\/index.php\/uzdatnianie-wody\/","og_locale":"pl_PL","og_type":"article","og_title":"Uzdatnianie wody - Przyk\u0142adowa strona","og_description":"Odkryj zalety elektrolizy soli, kt\u00f3ra dostarcza Twojemu basenowi relaksuj\u0105cej i oczyszczaj\u0105cej wody, kt\u00f3ra jest delikatnie s\u0142ona.","og_url":"https:\/\/aquatic.pl\/index.php\/uzdatnianie-wody\/","og_site_name":"Przyk\u0142adowa strona","article_modified_time":"2023-10-05T08:25:02+00:00","og_image":[{"width":500,"height":600,"url":"https:\/\/aquatic.pl\/wp-content\/uploads\/2023\/07\/Projekt-bez-nazwy-81.png","type":"image\/png"}],"twitter_card":"summary_large_image","twitter_misc":{"Szacowany czas czytania":"5 minut"},"schema":{"@context":"https:\/\/schema.org","@graph":[{"@type":"WebPage","@id":"https:\/\/aquatic.pl\/index.php\/uzdatnianie-wody\/","url":"https:\/\/aquatic.pl\/index.php\/uzdatnianie-wody\/","name":"Uzdatnianie wody - Przyk\u0142adowa strona","isPartOf":{"@id":"https:\/\/aquatic.pl\/#website"},"datePublished":"2018-11-05T09:39:19+00:00","dateModified":"2023-10-05T08:25:02+00:00","description":"Odkryj zalety elektrolizy soli, kt\u00f3ra dostarcza Twojemu basenowi relaksuj\u0105cej i oczyszczaj\u0105cej wody, kt\u00f3ra jest delikatnie s\u0142ona.","breadcrumb":{"@id":"https:\/\/aquatic.pl\/index.php\/uzdatnianie-wody\/#breadcrumb"},"inLanguage":"pl-PL","potentialAction":[{"@type":"ReadAction","target":["https:\/\/aquatic.pl\/index.php\/uzdatnianie-wody\/"]}]},{"@type":"BreadcrumbList","@id":"https:\/\/aquatic.pl\/index.php\/uzdatnianie-wody\/#breadcrumb","itemListElement":[{"@type":"ListItem","position":1,"name":"Strona g\u0142\u00f3wna","item":"https:\/\/aquatic.pl\/"},{"@type":"ListItem","position":2,"name":"Uzdatnianie wody"}]},{"@type":"WebSite","@id":"https:\/\/aquatic.pl\/#website","url":"https:\/\/aquatic.pl\/","name":"Przyk\u0142adowa strona","description":"Kolejna witryna oparta na WordPressie","potentialAction":[{"@type":"SearchAction","target":{"@type":"EntryPoint","urlTemplate":"https:\/\/aquatic.pl\/?s={search_term_string}"},"query-input":"required name=search_term_string"}],"inLanguage":"pl-PL"}]}},"_links":{"self":[{"href":"https:\/\/aquatic.pl\/index.php\/wp-json\/wp\/v2\/pages\/24788","targetHints":{"allow":["GET"]}}],"collection":[{"href":"https:\/\/aquatic.pl\/index.php\/wp-json\/wp\/v2\/pages"}],"about":[{"href":"https:\/\/aquatic.pl\/index.php\/wp-json\/wp\/v2\/types\/page"}],"author":[{"embeddable":true,"href":"https:\/\/aquatic.pl\/index.php\/wp-json\/wp\/v2\/users\/5"}],"replies":[{"embeddable":true,"href":"https:\/\/aquatic.pl\/index.php\/wp-json\/wp\/v2\/comments?post=24788"}],"version-history":[{"count":48,"href":"https:\/\/aquatic.pl\/index.php\/wp-json\/wp\/v2\/pages\/24788\/revisions"}],"predecessor-version":[{"id":26585,"href":"https:\/\/aquatic.pl\/index.php\/wp-json\/wp\/v2\/pages\/24788\/revisions\/26585"}],"wp:featuredmedia":[{"embeddable":true,"href":"https:\/\/aquatic.pl\/index.php\/wp-json\/wp\/v2\/media\/25499"}],"wp:attachment":[{"href":"https:\/\/aquatic.pl\/index.php\/wp-json\/wp\/v2\/media?parent=24788"}],"curies":[{"name":"wp","href":"https:\/\/api.w.org\/{rel}","templated":true}]}}