{"id":24789,"date":"2018-11-05T10:39:19","date_gmt":"2018-11-05T09:39:19","guid":{"rendered":"http:\/\/democontent.codex-themes.com\/sites\/sparta-interior\/our-works-2\/"},"modified":"2023-09-14T20:51:18","modified_gmt":"2023-09-14T18:51:18","slug":"zadaszenia","status":"publish","type":"page","link":"https:\/\/aquatic.pl\/index.php\/zadaszenia\/","title":{"rendered":"Zadaszenia"},"content":{"rendered":"<section class=\"wpb-content-wrapper\"><p>[vc_row css=&#8221;.vc_custom_1694617141320{margin-top: -100px !important;}&#8221;][vc_column][vc_text_separator title_level=&#8221;h3&#8243; title=&#8221;Ochro\u0144 sw\u00f3j basen i ciesz si\u0119 natur\u0105&#8221; css_animation=&#8221;fadeInUp&#8221;][\/vc_column][\/vc_row][vc_row full_width=&#8221;stretch_row_content&#8221; equal_height=&#8221;yes&#8221; content_placement=&#8221;middle&#8221; thegem_revesrse_columns_mobile=&#8221;true&#8221; css=&#8221;.vc_custom_1694714613558{margin-bottom: 0px !important;}&#8221; mobile_margin_top=&#8221;-20&#8243;][vc_column disable_custom_paddings_tablet=&#8221;true&#8221; disable_custom_paddings_mobile=&#8221;true&#8221; css=&#8221;.vc_custom_1585061688472{padding-right: 60px !important;padding-left: 60px !important;}&#8221; offset=&#8221;vc_col-lg-6 vc_col-md-6&#8243;]<div class=\"clearboth\"><\/div><style>#thegem-divider-69e1afe2492f4 {margin-top: 80px !important;}@media screen and (max-width: 767px) {#thegem-divider-69e1afe2492f4 {margin-top: 30px !important;}}<\/style><div id=\"thegem-divider-69e1afe2492f4\" class=\"gem-divider  \" style=\"\" ><\/div>[vc_column_text css_animation=&#8221;bottom-to-top&#8221;]<\/p>\n<div class=\"title-h6\">\n<p>Zapraszamy do odkrycia najwy\u017cszej jako\u015bci zadasze\u0144 basenowych, kt\u00f3re zapewni\u0105 wyj\u0105tkow\u0105 ochron\u0119 i przyjemno\u015b\u0107 podczas korzystania z basenu. Proponowane przez nas zadaszenia basenowe to \u00a0konstrukcje dopasowane do Twoich potrzeb. Wybierz spo\u015br\u00f3d kilkunastu gotowych projekt\u00f3w, kt\u00f3re cechuje przede wszystkim uniwersalny, ponadczasowy design i zastosowanie materia\u0142\u00f3w najwy\u017cszej jako\u015bci, takich jak lekkie tworzywa poliw\u0119glanowe.<\/p>\n<p>Rekomendowane przez AQUATIC zadaszenia basenowe s\u0105 starannie zaprojektowane, aby chroni\u0107 Tw\u00f3j basen przed niekorzystnymi warunkami atmosferycznymi, takimi jak deszcz, \u015bnieg, silne promienie s\u0142oneczne czy wiatr.<\/p>\n<\/div>\n<p>[\/vc_column_text]<div class=\"clearboth\"><\/div><style>#thegem-divider-69e1afe24931b {margin-top: 80px !important;}@media screen and (max-width: 767px) {#thegem-divider-69e1afe24931b {margin-top: 30px !important;}}<\/style><div id=\"thegem-divider-69e1afe24931b\" class=\"gem-divider  \" style=\"\" ><\/div>[\/vc_column][vc_column css=&#8221;.vc_custom_1694714919099{background-image: url(https:\/\/aquatic.pl\/wp-content\/uploads\/2020\/04\/Projekt-bez-nazwy-6.png?id=25728) !important;background-position: center !important;background-repeat: no-repeat !important;background-size: cover !important;}&#8221; offset=&#8221;vc_col-lg-6 vc_col-md-6&#8243; mobile_padding_top=&#8221;150&#8243; mobile_padding_bottom=&#8221;100&#8243;][\/vc_column][\/vc_row][vc_row full_width=&#8221;stretch_row_content&#8221; equal_height=&#8221;yes&#8221; content_placement=&#8221;middle&#8221; css=&#8221;.vc_custom_1586774684361{margin-bottom: 0px !important;}&#8221;][vc_column css=&#8221;.vc_custom_1694714971570{background-image: url(https:\/\/aquatic.pl\/wp-content\/uploads\/2020\/04\/Projekt-bez-nazwy-2023-09-11T125815.038.png?id=26233) !important;background-position: center !important;background-repeat: no-repeat !important;background-size: cover !important;}&#8221; offset=&#8221;vc_col-lg-6 vc_col-md-6&#8243; tablet_padding_bottom=&#8221;100&#8243; tablet_padding_top=&#8221;150&#8243;][\/vc_column][vc_column disable_custom_paddings_tablet=&#8221;true&#8221; disable_custom_paddings_mobile=&#8221;true&#8221; css=&#8221;.vc_custom_1581684124919{padding-right: 40px !important;padding-left: 60px !important;}&#8221; offset=&#8221;vc_col-lg-6 vc_col-md-6&#8243;]<div class=\"clearboth\"><\/div><style>#thegem-divider-69e1afe24932c {margin-top: 80px !important;}@media screen and (max-width: 767px) {#thegem-divider-69e1afe24932c {margin-top: 30px !important;}}<\/style><div id=\"thegem-divider-69e1afe24932c\" class=\"gem-divider  \" style=\"\" ><\/div>[vc_column_text css_animation=&#8221;bottom-to-top&#8221;]<\/p>\n<div class=\"title-h6\">\n<p>Wsp\u00f3\u0142pracujemy z renomowanymi producentami, co pozwala nam oferowa\u0107 zadaszenia o wysokiej jako\u015bci i trwa\u0142o\u015bci. Nasz do\u015bwiadczony zesp\u00f3\u0142 fachowc\u00f3w zapewni Ci profesjonalny monta\u017c, dbaj\u0105c o ka\u017cdy detal.<\/p>\n<p>Stosuj\u0105c teleskopowe zadaszenie b\u0119dziecie mogli cieszy\u0107 si\u0119 k\u0105piel\u0105 przez d\u0142u\u017cszy czas, nawet w trudniejszych warunkach pogodowych, a zabezpieczenie basenu na sezon zimowy nie b\u0119dzie stanowi\u0142o ju\u017c \u017cadnego problemu.<\/p>\n<\/div>\n<div><a href=\"https:\/\/aluna.eu\/produkty\/\">Dowiedz si\u0119 wi\u0119cej.<\/a><\/div>\n<p>[\/vc_column_text]<div class=\"clearboth\"><\/div><style>#thegem-divider-69e1afe24933b {margin-top: 80px !important;}@media screen and (max-width: 767px) {#thegem-divider-69e1afe24933b {display: none;}}<\/style><div id=\"thegem-divider-69e1afe24933b\" class=\"gem-divider  \" style=\"\" ><\/div>[\/vc_column][\/vc_row][vc_row css=&#8221;.vc_custom_1512374991892{margin-bottom: 0px !important;}&#8221;][vc_column]<div id=\"fullwidth-block-69e1afe249855\" class=\"fullwidth-block clearfix\"  style=\"background-color: #eaecf0;padding-top: 120px;padding-bottom: 147px;\"><script type=\"text\/javascript\">if (typeof(gem_fix_fullwidth_position) == \"function\") { gem_fix_fullwidth_position(document.getElementById(\"fullwidth-block-69e1afe249855\")); }<\/script><div class=\"fullwidth-block-inner\"><div class=\"clearboth\"><\/div><style>#thegem-divider-69e1afe2498f3 {margin-top: -22px !important;}<\/style><div id=\"thegem-divider-69e1afe2498f3\" class=\"gem-divider  \" style=\"\" ><\/div>[vc_column_text css_animation=&#8221;bottom-to-top&#8221;]<\/p>\n<div class=\"styled-subtitle title-h3\" style=\"text-align: center;\"><span class=\"light\" style=\"color: #000000;\">Nasze projekty<\/span><\/div>\n<p>[\/vc_column_text]<div class=\"clearboth\"><\/div><style>#thegem-divider-69e1afe24990e {margin-top: 97px !important;}<\/style><div id=\"thegem-divider-69e1afe24990e\" class=\"gem-divider  \" style=\"\" ><\/div><style>.gem-gallery-grid#style-69e1afe24999e .gallery-item { padding: calc(42px\/2) !important; }.gem-gallery-grid#style-69e1afe24999e .row { margin-top: calc(42px\/2); margin-bottom: calc(42px\/2); }.gem-gallery-grid#style-69e1afe24999e .not-fullwidth-block ul { margin-left: calc(42px\/2); margin-right: calc(42px\/2); }.gem-gallery-grid#style-69e1afe24999e .fullwidth-block { padding-left: calc(42px\/2); padding-right: calc(42px\/2); }@media (max-width: 991px) { .gem-gallery-grid#style-69e1afe24999e .gallery-item { padding: calc(42px\/2) !important; }.gem-gallery-grid#style-69e1afe24999e .row { margin-top: calc(42px\/2); margin-bottom: calc(42px\/2); }.gem-gallery-grid#style-69e1afe24999e .not-fullwidth-block ul { margin-left: calc(42px\/2); margin-right: calc(42px\/2); }.gem-gallery-grid#style-69e1afe24999e .fullwidth-block { padding-left: calc(42px\/2); padding-right: calc(42px\/2); }}@media (max-width: 767px) { .gem-gallery-grid#style-69e1afe24999e .gallery-item { padding: calc(42px\/2) !important; }.gem-gallery-grid#style-69e1afe24999e .row { margin-top: calc(42px\/2); margin-bottom: calc(42px\/2); }.gem-gallery-grid#style-69e1afe24999e .not-fullwidth-block ul { margin-left: calc(42px\/2); margin-right: calc(42px\/2); }.gem-gallery-grid#style-69e1afe24999e .fullwidth-block { padding-left: calc(42px\/2); padding-right: calc(42px\/2); }}<\/style><div class=\"preloader save-space\"><div class=\"preloader-spin\"><\/div><\/div> <div class=\"gallery-preloader-wrapper\"> <div class=\"row\"> <div id=\"style-69e1afe24999e\" class=\"gem-gallery-grid col-lg-12 col-md-12 col-sm-12 gallery-style-metro hover-default loading-animation item-animation-move-up metro columns-5 columns-tablet-1 columns-mobile-1 without-padding metro-item-style-default \" data-hover=\"default\"> <ul class=\"gallery-set clearfix\" data-max-row-height=\"380\"> <li class=\"gallery-item col-xs-12 col-sm-12 columns-desktop-5 item-animations-not-inited single-icon post-24789 page type-page status-publish has-post-thumbnail\"> <div class=\"wrap gem-wrapbox-style-default\"> <div class=\"overlay-wrap\"> <div class=\"image-wrap \"> <picture> <source srcset=\"https:\/\/aquatic.pl\/wp-content\/uploads\/2023\/07\/Projekt-bez-nazwy-79.png 1x, https:\/\/aquatic.pl\/wp-content\/uploads\/2023\/07\/Projekt-bez-nazwy-79.png 2x\" media=\"(max-width: 767px)\" sizes=\"100vw\"> <source srcset=\"https:\/\/aquatic.pl\/wp-content\/uploads\/2023\/07\/Projekt-bez-nazwy-79.png 1x, https:\/\/aquatic.pl\/wp-content\/uploads\/2023\/07\/Projekt-bez-nazwy-79.png 2x\" media=\"(max-width: 992px)\" sizes=\"100vw\"> <source srcset=\"https:\/\/aquatic.pl\/wp-content\/uploads\/2023\/07\/Projekt-bez-nazwy-79-thegem-portfolio-metro.png 1x, https:\/\/aquatic.pl\/wp-content\/uploads\/2023\/07\/Projekt-bez-nazwy-79.png 2x\" sizes=\"100vw\"> <source srcset=\"https:\/\/aquatic.pl\/wp-content\/uploads\/2023\/07\/Projekt-bez-nazwy-79-thegem-portfolio-metro-medium.png 1x, https:\/\/aquatic.pl\/wp-content\/uploads\/2023\/07\/Projekt-bez-nazwy-79.png 2x\" media=\"(min-width: 550px) and (max-width: 1100px)\" sizes=\"100vw\"> <img decoding=\"async\" src=\"https:\/\/aquatic.pl\/wp-content\/uploads\/2023\/07\/Projekt-bez-nazwy-79-thegem-portfolio-metro.png\" width=\"417\" height=\"500\" class=\"attachment-thegem-portfolio-metro\" alt=\"Projekt bez nazwy (79)\" \/> <\/picture> <\/div> <div class=\"overlay \"> <div class=\"overlay-circle\"><\/div> <a href=\"https:\/\/aquatic.pl\/wp-content\/uploads\/2023\/07\/Projekt-bez-nazwy-79.png\" class=\"gallery-item-link fancy-gallery\" data-fancybox=\"gallery-69e1afe24999e\"> <span class=\"slide-info\"> <\/span> <\/a> <div class=\"overlay-content\"> <div class=\"overlay-content-center\"> <div class=\"overlay-content-inner\"> <a href=\"https:\/\/aquatic.pl\/wp-content\/uploads\/2023\/07\/Projekt-bez-nazwy-79.png\" class=\"icon photo \" > <\/a> <div class=\"overlay-line\"><\/div> <\/div> <\/div> <\/div> <\/div> <\/div> <\/div> <\/li> <li class=\"gallery-item col-xs-12 col-sm-12 columns-desktop-5 item-animations-not-inited single-icon post-24789 page type-page status-publish has-post-thumbnail\"> <div class=\"wrap gem-wrapbox-style-default\"> <div class=\"overlay-wrap\"> <div class=\"image-wrap \"> <picture> <source srcset=\"https:\/\/aquatic.pl\/wp-content\/uploads\/2020\/04\/Projekt-bez-nazwy-30-thegem-portfolio-metro-large.png 1x, https:\/\/aquatic.pl\/wp-content\/uploads\/2020\/04\/Projekt-bez-nazwy-30.png 2x\" media=\"(max-width: 767px)\" sizes=\"100vw\"> <source srcset=\"https:\/\/aquatic.pl\/wp-content\/uploads\/2020\/04\/Projekt-bez-nazwy-30-thegem-portfolio-metro-large.png 1x, https:\/\/aquatic.pl\/wp-content\/uploads\/2020\/04\/Projekt-bez-nazwy-30.png 2x\" media=\"(max-width: 992px)\" sizes=\"100vw\"> <source srcset=\"https:\/\/aquatic.pl\/wp-content\/uploads\/2020\/04\/Projekt-bez-nazwy-30-thegem-portfolio-metro.png 1x, https:\/\/aquatic.pl\/wp-content\/uploads\/2020\/04\/Projekt-bez-nazwy-30.png 2x\" sizes=\"100vw\"> <source srcset=\"https:\/\/aquatic.pl\/wp-content\/uploads\/2020\/04\/Projekt-bez-nazwy-30-thegem-portfolio-metro-medium.png 1x, https:\/\/aquatic.pl\/wp-content\/uploads\/2020\/04\/Projekt-bez-nazwy-30.png 2x\" media=\"(min-width: 550px) and (max-width: 1100px)\" sizes=\"100vw\"> <img decoding=\"async\" src=\"https:\/\/aquatic.pl\/wp-content\/uploads\/2020\/04\/Projekt-bez-nazwy-30-thegem-portfolio-metro.png\" width=\"667\" height=\"500\" class=\"attachment-thegem-portfolio-metro\" alt=\"Projekt bez nazwy (30)\" \/> <\/picture> <\/div> <div class=\"overlay \"> <div class=\"overlay-circle\"><\/div> <a href=\"https:\/\/aquatic.pl\/wp-content\/uploads\/2020\/04\/Projekt-bez-nazwy-30.png\" class=\"gallery-item-link fancy-gallery\" data-fancybox=\"gallery-69e1afe24999e\"> <span class=\"slide-info\"> <\/span> <\/a> <div class=\"overlay-content\"> <div class=\"overlay-content-center\"> <div class=\"overlay-content-inner\"> <a href=\"https:\/\/aquatic.pl\/wp-content\/uploads\/2020\/04\/Projekt-bez-nazwy-30.png\" class=\"icon photo \" > <\/a> <div class=\"overlay-line\"><\/div> <\/div> <\/div> <\/div> <\/div> <\/div> <\/div> <\/li> <li class=\"gallery-item col-xs-12 col-sm-12 columns-desktop-5 item-animations-not-inited single-icon post-24789 page type-page status-publish has-post-thumbnail\"> <div class=\"wrap gem-wrapbox-style-default\"> <div class=\"overlay-wrap\"> <div class=\"image-wrap \"> <picture> <source srcset=\"https:\/\/aquatic.pl\/wp-content\/uploads\/2020\/04\/Projekt-bez-nazwy-6.png 1x, https:\/\/aquatic.pl\/wp-content\/uploads\/2020\/04\/Projekt-bez-nazwy-6.png 2x\" media=\"(max-width: 767px)\" sizes=\"100vw\"> <source srcset=\"https:\/\/aquatic.pl\/wp-content\/uploads\/2020\/04\/Projekt-bez-nazwy-6.png 1x, https:\/\/aquatic.pl\/wp-content\/uploads\/2020\/04\/Projekt-bez-nazwy-6.png 2x\" media=\"(max-width: 992px)\" sizes=\"100vw\"> <source srcset=\"https:\/\/aquatic.pl\/wp-content\/uploads\/2020\/04\/Projekt-bez-nazwy-6-thegem-portfolio-metro.png 1x, https:\/\/aquatic.pl\/wp-content\/uploads\/2020\/04\/Projekt-bez-nazwy-6.png 2x\" sizes=\"100vw\"> <source srcset=\"https:\/\/aquatic.pl\/wp-content\/uploads\/2020\/04\/Projekt-bez-nazwy-6-thegem-portfolio-metro-medium.png 1x, https:\/\/aquatic.pl\/wp-content\/uploads\/2020\/04\/Projekt-bez-nazwy-6.png 2x\" media=\"(min-width: 550px) and (max-width: 1100px)\" sizes=\"100vw\"> <img decoding=\"async\" src=\"https:\/\/aquatic.pl\/wp-content\/uploads\/2020\/04\/Projekt-bez-nazwy-6-thegem-portfolio-metro.png\" width=\"500\" height=\"500\" class=\"attachment-thegem-portfolio-metro\" alt=\"Projekt bez nazwy (6)\" \/> <\/picture> <\/div> <div class=\"overlay \"> <div class=\"overlay-circle\"><\/div> <a href=\"https:\/\/aquatic.pl\/wp-content\/uploads\/2020\/04\/Projekt-bez-nazwy-6.png\" class=\"gallery-item-link fancy-gallery\" data-fancybox=\"gallery-69e1afe24999e\"> <span class=\"slide-info\"> <\/span> <\/a> <div class=\"overlay-content\"> <div class=\"overlay-content-center\"> <div class=\"overlay-content-inner\"> <a href=\"https:\/\/aquatic.pl\/wp-content\/uploads\/2020\/04\/Projekt-bez-nazwy-6.png\" class=\"icon photo \" > <\/a> <div class=\"overlay-line\"><\/div> <\/div> <\/div> <\/div> <\/div> <\/div> <\/div> <\/li> <li class=\"gallery-item col-xs-12 col-sm-12 columns-desktop-5 item-animations-not-inited single-icon post-24789 page type-page status-publish has-post-thumbnail\"> <div class=\"wrap gem-wrapbox-style-default\"> <div class=\"overlay-wrap\"> <div class=\"image-wrap \"> <picture> <source srcset=\"https:\/\/aquatic.pl\/wp-content\/uploads\/2020\/04\/Projekt-bez-nazwy-32-thegem-portfolio-metro-large.png 1x, https:\/\/aquatic.pl\/wp-content\/uploads\/2020\/04\/Projekt-bez-nazwy-32.png 2x\" media=\"(max-width: 767px)\" sizes=\"100vw\"> <source srcset=\"https:\/\/aquatic.pl\/wp-content\/uploads\/2020\/04\/Projekt-bez-nazwy-32-thegem-portfolio-metro-large.png 1x, https:\/\/aquatic.pl\/wp-content\/uploads\/2020\/04\/Projekt-bez-nazwy-32.png 2x\" media=\"(max-width: 992px)\" sizes=\"100vw\"> <source srcset=\"https:\/\/aquatic.pl\/wp-content\/uploads\/2020\/04\/Projekt-bez-nazwy-32-thegem-portfolio-metro.png 1x, https:\/\/aquatic.pl\/wp-content\/uploads\/2020\/04\/Projekt-bez-nazwy-32.png 2x\" sizes=\"100vw\"> <source srcset=\"https:\/\/aquatic.pl\/wp-content\/uploads\/2020\/04\/Projekt-bez-nazwy-32-thegem-portfolio-metro-medium.png 1x, https:\/\/aquatic.pl\/wp-content\/uploads\/2020\/04\/Projekt-bez-nazwy-32.png 2x\" media=\"(min-width: 550px) and (max-width: 1100px)\" sizes=\"100vw\"> <img decoding=\"async\" src=\"https:\/\/aquatic.pl\/wp-content\/uploads\/2020\/04\/Projekt-bez-nazwy-32-thegem-portfolio-metro.png\" width=\"667\" height=\"500\" class=\"attachment-thegem-portfolio-metro\" alt=\"Projekt bez nazwy (32)\" \/> <\/picture> <\/div> <div class=\"overlay \"> <div class=\"overlay-circle\"><\/div> <a href=\"https:\/\/aquatic.pl\/wp-content\/uploads\/2020\/04\/Projekt-bez-nazwy-32.png\" class=\"gallery-item-link fancy-gallery\" data-fancybox=\"gallery-69e1afe24999e\"> <span class=\"slide-info\"> <\/span> <\/a> <div class=\"overlay-content\"> <div class=\"overlay-content-center\"> <div class=\"overlay-content-inner\"> <a href=\"https:\/\/aquatic.pl\/wp-content\/uploads\/2020\/04\/Projekt-bez-nazwy-32.png\" class=\"icon photo \" > <\/a> <div class=\"overlay-line\"><\/div> <\/div> <\/div> <\/div> <\/div> <\/div> <\/div> <\/li> <li class=\"gallery-item col-xs-12 col-sm-12 columns-desktop-5 item-animations-not-inited single-icon post-24789 page type-page status-publish has-post-thumbnail\"> <div class=\"wrap gem-wrapbox-style-default\"> <div class=\"overlay-wrap\"> <div class=\"image-wrap \"> <picture> <source srcset=\"https:\/\/aquatic.pl\/wp-content\/uploads\/2020\/04\/Projekt-bez-nazwy-33-thegem-portfolio-metro-large.png 1x, https:\/\/aquatic.pl\/wp-content\/uploads\/2020\/04\/Projekt-bez-nazwy-33.png 2x\" media=\"(max-width: 767px)\" sizes=\"100vw\"> <source srcset=\"https:\/\/aquatic.pl\/wp-content\/uploads\/2020\/04\/Projekt-bez-nazwy-33-thegem-portfolio-metro-large.png 1x, https:\/\/aquatic.pl\/wp-content\/uploads\/2020\/04\/Projekt-bez-nazwy-33.png 2x\" media=\"(max-width: 992px)\" sizes=\"100vw\"> <source srcset=\"https:\/\/aquatic.pl\/wp-content\/uploads\/2020\/04\/Projekt-bez-nazwy-33-thegem-portfolio-metro.png 1x, https:\/\/aquatic.pl\/wp-content\/uploads\/2020\/04\/Projekt-bez-nazwy-33.png 2x\" sizes=\"100vw\"> <source srcset=\"https:\/\/aquatic.pl\/wp-content\/uploads\/2020\/04\/Projekt-bez-nazwy-33-thegem-portfolio-metro-medium.png 1x, https:\/\/aquatic.pl\/wp-content\/uploads\/2020\/04\/Projekt-bez-nazwy-33.png 2x\" media=\"(min-width: 550px) and (max-width: 1100px)\" sizes=\"100vw\"> <img decoding=\"async\" src=\"https:\/\/aquatic.pl\/wp-content\/uploads\/2020\/04\/Projekt-bez-nazwy-33-thegem-portfolio-metro.png\" width=\"667\" height=\"500\" class=\"attachment-thegem-portfolio-metro\" alt=\"Projekt bez nazwy (33)\" \/> <\/picture> <\/div> <div class=\"overlay \"> <div class=\"overlay-circle\"><\/div> <a href=\"https:\/\/aquatic.pl\/wp-content\/uploads\/2020\/04\/Projekt-bez-nazwy-33.png\" class=\"gallery-item-link fancy-gallery\" data-fancybox=\"gallery-69e1afe24999e\"> <span class=\"slide-info\"> <\/span> <\/a> <div class=\"overlay-content\"> <div class=\"overlay-content-center\"> <div class=\"overlay-content-inner\"> <a href=\"https:\/\/aquatic.pl\/wp-content\/uploads\/2020\/04\/Projekt-bez-nazwy-33.png\" class=\"icon photo \" > <\/a> <div class=\"overlay-line\"><\/div> <\/div> <\/div> <\/div> <\/div> <\/div> <\/div> <\/li> <\/ul> <\/div> <\/div> <\/div><\/div><\/div>[\/vc_column][\/vc_row]<\/p>\n<\/section>","protected":false},"excerpt":{"rendered":"<p>[vc_row css=&#8221;.vc_custom_1694617141320{margin-top: -100px !important;}&#8221;][vc_column][vc_text_separator title_level=&#8221;h3&#8243; title=&#8221;Ochro\u0144 sw\u00f3j basen i ciesz si\u0119 natur\u0105&#8221; css_animation=&#8221;fadeInUp&#8221;][\/vc_column][\/vc_row][vc_row full_width=&#8221;stretch_row_content&#8221; equal_height=&#8221;yes&#8221; content_placement=&#8221;middle&#8221; thegem_revesrse_columns_mobile=&#8221;true&#8221; css=&#8221;.vc_custom_1694714613558{margin-bottom: 0px !important;}&#8221;&#8230;<\/p>\n","protected":false},"author":5,"featured_media":25496,"parent":0,"menu_order":0,"comment_status":"closed","ping_status":"closed","template":"","meta":{"footnotes":""},"class_list":["post-24789","page","type-page","status-publish","has-post-thumbnail"],"yoast_head":"<!-- This site is optimized with the Yoast SEO plugin v21.2 - https:\/\/yoast.com\/wordpress\/plugins\/seo\/ -->\n<title>Zadaszenia - Przyk\u0142adowa strona<\/title>\n<meta name=\"robots\" content=\"index, follow, max-snippet:-1, max-image-preview:large, max-video-preview:-1\" \/>\n<link rel=\"canonical\" href=\"https:\/\/aquatic.pl\/index.php\/zadaszenia\/\" \/>\n<meta property=\"og:locale\" content=\"pl_PL\" \/>\n<meta property=\"og:type\" content=\"article\" \/>\n<meta property=\"og:title\" content=\"Zadaszenia - Przyk\u0142adowa strona\" \/>\n<meta property=\"og:description\" content=\"[vc_row css=&#8221;.vc_custom_1694617141320{margin-top: -100px !important;}&#8221;][vc_column][vc_text_separator title_level=&#8221;h3&#8243; title=&#8221;Ochro\u0144 sw\u00f3j basen i ciesz si\u0119 natur\u0105&#8221; css_animation=&#8221;fadeInUp&#8221;][\/vc_column][\/vc_row][vc_row full_width=&#8221;stretch_row_content&#8221; equal_height=&#8221;yes&#8221; content_placement=&#8221;middle&#8221; thegem_revesrse_columns_mobile=&#8221;true&#8221; css=&#8221;.vc_custom_1694714613558{margin-bottom: 0px !important;}&#8221;...\" \/>\n<meta property=\"og:url\" content=\"https:\/\/aquatic.pl\/index.php\/zadaszenia\/\" \/>\n<meta property=\"og:site_name\" content=\"Przyk\u0142adowa strona\" \/>\n<meta property=\"article:modified_time\" content=\"2023-09-14T18:51:18+00:00\" \/>\n<meta property=\"og:image\" content=\"https:\/\/aquatic.pl\/wp-content\/uploads\/2023\/07\/Projekt-bez-nazwy-79.png\" \/>\n\t<meta property=\"og:image:width\" content=\"500\" \/>\n\t<meta property=\"og:image:height\" content=\"600\" \/>\n\t<meta property=\"og:image:type\" content=\"image\/png\" \/>\n<meta name=\"twitter:card\" content=\"summary_large_image\" \/>\n<meta name=\"twitter:label1\" content=\"Szacowany czas czytania\" \/>\n\t<meta name=\"twitter:data1\" content=\"3 minuty\" \/>\n<script type=\"application\/ld+json\" class=\"yoast-schema-graph\">{\"@context\":\"https:\/\/schema.org\",\"@graph\":[{\"@type\":\"WebPage\",\"@id\":\"https:\/\/aquatic.pl\/index.php\/zadaszenia\/\",\"url\":\"https:\/\/aquatic.pl\/index.php\/zadaszenia\/\",\"name\":\"Zadaszenia - Przyk\u0142adowa strona\",\"isPartOf\":{\"@id\":\"https:\/\/aquatic.pl\/#website\"},\"datePublished\":\"2018-11-05T09:39:19+00:00\",\"dateModified\":\"2023-09-14T18:51:18+00:00\",\"breadcrumb\":{\"@id\":\"https:\/\/aquatic.pl\/index.php\/zadaszenia\/#breadcrumb\"},\"inLanguage\":\"pl-PL\",\"potentialAction\":[{\"@type\":\"ReadAction\",\"target\":[\"https:\/\/aquatic.pl\/index.php\/zadaszenia\/\"]}]},{\"@type\":\"BreadcrumbList\",\"@id\":\"https:\/\/aquatic.pl\/index.php\/zadaszenia\/#breadcrumb\",\"itemListElement\":[{\"@type\":\"ListItem\",\"position\":1,\"name\":\"Strona g\u0142\u00f3wna\",\"item\":\"https:\/\/aquatic.pl\/\"},{\"@type\":\"ListItem\",\"position\":2,\"name\":\"Zadaszenia\"}]},{\"@type\":\"WebSite\",\"@id\":\"https:\/\/aquatic.pl\/#website\",\"url\":\"https:\/\/aquatic.pl\/\",\"name\":\"Przyk\u0142adowa strona\",\"description\":\"Kolejna witryna oparta na WordPressie\",\"potentialAction\":[{\"@type\":\"SearchAction\",\"target\":{\"@type\":\"EntryPoint\",\"urlTemplate\":\"https:\/\/aquatic.pl\/?s={search_term_string}\"},\"query-input\":\"required name=search_term_string\"}],\"inLanguage\":\"pl-PL\"}]}<\/script>\n<!-- \/ Yoast SEO plugin. -->","yoast_head_json":{"title":"Zadaszenia - Przyk\u0142adowa strona","robots":{"index":"index","follow":"follow","max-snippet":"max-snippet:-1","max-image-preview":"max-image-preview:large","max-video-preview":"max-video-preview:-1"},"canonical":"https:\/\/aquatic.pl\/index.php\/zadaszenia\/","og_locale":"pl_PL","og_type":"article","og_title":"Zadaszenia - Przyk\u0142adowa strona","og_description":"[vc_row css=&#8221;.vc_custom_1694617141320{margin-top: -100px !important;}&#8221;][vc_column][vc_text_separator title_level=&#8221;h3&#8243; title=&#8221;Ochro\u0144 sw\u00f3j basen i ciesz si\u0119 natur\u0105&#8221; css_animation=&#8221;fadeInUp&#8221;][\/vc_column][\/vc_row][vc_row full_width=&#8221;stretch_row_content&#8221; equal_height=&#8221;yes&#8221; content_placement=&#8221;middle&#8221; thegem_revesrse_columns_mobile=&#8221;true&#8221; css=&#8221;.vc_custom_1694714613558{margin-bottom: 0px !important;}&#8221;...","og_url":"https:\/\/aquatic.pl\/index.php\/zadaszenia\/","og_site_name":"Przyk\u0142adowa strona","article_modified_time":"2023-09-14T18:51:18+00:00","og_image":[{"width":500,"height":600,"url":"https:\/\/aquatic.pl\/wp-content\/uploads\/2023\/07\/Projekt-bez-nazwy-79.png","type":"image\/png"}],"twitter_card":"summary_large_image","twitter_misc":{"Szacowany czas czytania":"3 minuty"},"schema":{"@context":"https:\/\/schema.org","@graph":[{"@type":"WebPage","@id":"https:\/\/aquatic.pl\/index.php\/zadaszenia\/","url":"https:\/\/aquatic.pl\/index.php\/zadaszenia\/","name":"Zadaszenia - Przyk\u0142adowa strona","isPartOf":{"@id":"https:\/\/aquatic.pl\/#website"},"datePublished":"2018-11-05T09:39:19+00:00","dateModified":"2023-09-14T18:51:18+00:00","breadcrumb":{"@id":"https:\/\/aquatic.pl\/index.php\/zadaszenia\/#breadcrumb"},"inLanguage":"pl-PL","potentialAction":[{"@type":"ReadAction","target":["https:\/\/aquatic.pl\/index.php\/zadaszenia\/"]}]},{"@type":"BreadcrumbList","@id":"https:\/\/aquatic.pl\/index.php\/zadaszenia\/#breadcrumb","itemListElement":[{"@type":"ListItem","position":1,"name":"Strona g\u0142\u00f3wna","item":"https:\/\/aquatic.pl\/"},{"@type":"ListItem","position":2,"name":"Zadaszenia"}]},{"@type":"WebSite","@id":"https:\/\/aquatic.pl\/#website","url":"https:\/\/aquatic.pl\/","name":"Przyk\u0142adowa strona","description":"Kolejna witryna oparta na WordPressie","potentialAction":[{"@type":"SearchAction","target":{"@type":"EntryPoint","urlTemplate":"https:\/\/aquatic.pl\/?s={search_term_string}"},"query-input":"required name=search_term_string"}],"inLanguage":"pl-PL"}]}},"_links":{"self":[{"href":"https:\/\/aquatic.pl\/index.php\/wp-json\/wp\/v2\/pages\/24789","targetHints":{"allow":["GET"]}}],"collection":[{"href":"https:\/\/aquatic.pl\/index.php\/wp-json\/wp\/v2\/pages"}],"about":[{"href":"https:\/\/aquatic.pl\/index.php\/wp-json\/wp\/v2\/types\/page"}],"author":[{"embeddable":true,"href":"https:\/\/aquatic.pl\/index.php\/wp-json\/wp\/v2\/users\/5"}],"replies":[{"embeddable":true,"href":"https:\/\/aquatic.pl\/index.php\/wp-json\/wp\/v2\/comments?post=24789"}],"version-history":[{"count":23,"href":"https:\/\/aquatic.pl\/index.php\/wp-json\/wp\/v2\/pages\/24789\/revisions"}],"predecessor-version":[{"id":26534,"href":"https:\/\/aquatic.pl\/index.php\/wp-json\/wp\/v2\/pages\/24789\/revisions\/26534"}],"wp:featuredmedia":[{"embeddable":true,"href":"https:\/\/aquatic.pl\/index.php\/wp-json\/wp\/v2\/media\/25496"}],"wp:attachment":[{"href":"https:\/\/aquatic.pl\/index.php\/wp-json\/wp\/v2\/media?parent=24789"}],"curies":[{"name":"wp","href":"https:\/\/api.w.org\/{rel}","templated":true}]}}